{"id":1108,"date":"2022-10-06T20:34:24","date_gmt":"2022-10-06T20:34:24","guid":{"rendered":"https:\/\/tanitastore.vn\/?post_type=product&#038;p=1108"},"modified":"2025-03-13T09:57:04","modified_gmt":"2025-03-13T02:27:04","slug":"can-suc-khoe-dien-tu-cho-tre-em-tanita-1583","status":"publish","type":"product","link":"https:\/\/tanitastore.vn\/index.php\/product\/can-suc-khoe-dien-tu-cho-tre-em-tanita-1583\/","title":{"rendered":"C\u00e2n s\u1ee9c kh\u1ecfe \u0111i\u1ec7n t\u1eed cho tr\u1ebb em TANITA 1583"},"content":{"rendered":"<p style=\"text-align: justify;\"><strong>C\u00e2n s\u1ee9c kh\u1ecfe \u0111i\u1ec7n t\u1eed tr\u1ebb em c\u00f3 l\u00f2ng m\u00e1ng &#8211; theo d\u00f5i c\u00e2n n\u1eb7ng cho b\u00e9 y\u00eau ngay t\u1eeb khi l\u1ecdt l\u00f2ng<\/strong><\/p>\n<p style=\"text-align: justify;\">C\u00e2n \u0111i\u1ec7n t\u1eed Tanita 1583 \u0111\u01b0\u1ee3c s\u1eed d\u1ee5ng \u0111\u1ec3 c\u00e2n \u0111o tr\u1ebb s\u01a1 sinh t\u1ea1i nhi\u1ec1u trung t\u00e2m y t\u1ebf, ph\u00f2ng \u0111\u1ebb hay t\u1ea1i gia \u0111\u00ecnh \u0111\u1ec3 theo d\u00f5i c\u00e2n n\u1eb7ng c\u1ee7a b\u00e9 t\u1eeb l\u00fac m\u1edbi l\u1ecdt l\u00f2ng. V\u1edbi nhi\u1ec1u \u01b0u \u0111i\u1ec3m thi\u1ebft th\u1ef1c, c\u00e2n 1583 \u0111\u00e3 \u0111\u01b0\u1ee3c nhi\u1ec1u d\u1ef1 \u00e1n dinh d\u01b0\u1ee1ng l\u1ef1a ch\u1ecdn. S\u1ea3n ph\u1ea9m \u0111\u01b0\u1ee3c s\u1ea3n xu\u1ea5t t\u1ea1i Nh\u1eadt B\u1ea3n n\u00ean c\u00f3 \u0111\u1ed9 ch\u00ednh x\u00e1c cao.<\/p>\n<p><strong>\u01afu \u0111i\u1ec3m s\u1ea3n ph\u1ea9m:<\/strong><\/p>\n<ul style=\"list-style-type: circle;\">\n<li>C\u00e2n nh\u1ecf g\u1ecdn d\u1ec5 mang theo.<\/li>\n<li>D\u1ec5 s\u1eed d\u1ee5ng.<\/li>\n<li>Khay \u0111\u1ee1 r\u1ed9ng, \u0111\u01b0\u1ee3c thi\u1ebft k\u1ebf b\u1eb1ng nh\u1ef1a tr\u1eafng, \u0111\u1ea3m b\u1ea3o an to\u00e0n cho b\u00e9 trong qu\u00e1 tr\u00ecnh \u0111o.<\/li>\n<li>C\u00f3 th\u1ec3 l\u01b0u \u0111\u01b0\u1ee3c 8 k\u1ebft qu\u1ea3 \u0111o, gi\u00fap theo d\u00f5i ti\u1ebfn tr\u00ecnh t\u0103ng tr\u01b0\u1edfng c\u1ee7a b\u00e9 v\u00e0 xem l\u1ea1i k\u1ebft qu\u1ea3 khi c\u1ea7n.<\/li>\n<li>M\u00e0n h\u00ecnh LCD th\u1ec3 hi\u1ec7n k\u1ebft qu\u1ea3 to r\u00f5 r\u00e0ng.<\/li>\n<li>Tr\u1ecdng l\u01b0\u1ee3ng c\u00e2n t\u1ed1i \u0111a 20 kg.<\/li>\n<li>C\u00e2n \u0111i\u1ec7n t\u1eed\u00a0ch\u00ednh x\u00e1c \u0111\u1ebfn 10 gram.<\/li>\n<li>C\u00e2n \u0111o li\u00ean t\u1ee5c, c\u00e2n t\u1ef1 \u0111\u1ed9ng tr\u1edf v\u1ec1 s\u1ed1 0 \u0111\u1ec3 b\u1eaft \u0111\u1ea7u \u0111o tr\u1ebb ti\u1ebfp theo.<\/li>\n<li>C\u00e2n c\u00f3 ch\u1ee9c n\u0103ng b\u00e1o pin y\u1ebfu v\u00e0 b\u00e1o qu\u00e1 c\u00e2n.<\/li>\n<li>C\u00e2n c\u00f3 th\u1ec3 th\u00e1o khay \u0111\u1ee1 \u0111\u1ec3 c\u00e2n nh\u1eefng tr\u1ebb \u0111\u00e3 bi\u1ebft \u0111\u1ee9ng.<\/li>\n<\/ul>\n","protected":false},"excerpt":{"rendered":"<p>C\u00e2n s\u1ee9c kh\u1ecfe \u0111i\u1ec7n t\u1eed tr\u1ebb em c\u00f3 l\u00f2ng m\u00e1ng &#8211; theo d\u00f5i c\u00e2n n\u1eb7ng cho b\u00e9 y\u00eau ngay t\u1eeb khi l\u1ecdt l\u00f2ng C\u00e2n \u0111i\u1ec7n t\u1eed Tanita 1583 \u0111\u01b0\u1ee3c s\u1eed d\u1ee5ng \u0111\u1ec3 c\u00e2n \u0111o tr\u1ebb s\u01a1 sinh t\u1ea1i nhi\u1ec1u trung t\u00e2m y t\u1ebf, ph\u00f2ng \u0111\u1ebb hay t\u1ea1i gia \u0111\u00ecnh \u0111\u1ec3 theo d\u00f5i c\u00e2n n\u1eb7ng c\u1ee7a [&#8230;]\n","protected":false},"featured_media":1110,"comment_status":"open","ping_status":"closed","template":"","meta":[],"product_cat":[26],"product_tag":[],"class_list":["post-1108","product","type-product","status-publish","has-post-thumbnail","hentry","product_cat-can-chuyen-dung"],"yoast_head":"<!-- This site is optimized with the Yoast SEO plugin v19.5.1 - https:\/\/yoast.com\/wordpress\/plugins\/seo\/ -->\n<title>C\u00e2n s\u1ee9c kh\u1ecfe \u0111i\u1ec7n t\u1eed cho tr\u1ebb em TANITA 1583 - tanita store vn<\/title>\n<meta name=\"robots\" content=\"index, follow, max-snippet:-1, max-image-preview:large, max-video-preview:-1\" \/>\n<link rel=\"canonical\" href=\"https:\/\/tanitastore.vn\/index.php\/product\/can-suc-khoe-dien-tu-cho-tre-em-tanita-1583\/\" \/>\n<meta property=\"og:locale\" content=\"vi_VN\" \/>\n<meta property=\"og:type\" content=\"article\" \/>\n<meta property=\"og:title\" content=\"C\u00e2n s\u1ee9c kh\u1ecfe \u0111i\u1ec7n t\u1eed cho tr\u1ebb em TANITA 1583 - tanita store vn\" \/>\n<meta property=\"og:description\" content=\"C\u00e2n s\u1ee9c kh\u1ecfe \u0111i\u1ec7n t\u1eed tr\u1ebb em c\u00f3 l\u00f2ng m\u00e1ng &#8211; theo d\u00f5i c\u00e2n n\u1eb7ng cho b\u00e9 y\u00eau ngay t\u1eeb khi l\u1ecdt l\u00f2ng C\u00e2n \u0111i\u1ec7n t\u1eed Tanita 1583 \u0111\u01b0\u1ee3c s\u1eed d\u1ee5ng \u0111\u1ec3 c\u00e2n \u0111o tr\u1ebb s\u01a1 sinh t\u1ea1i nhi\u1ec1u trung t\u00e2m y t\u1ebf, ph\u00f2ng \u0111\u1ebb hay t\u1ea1i gia \u0111\u00ecnh \u0111\u1ec3 theo d\u00f5i c\u00e2n n\u1eb7ng c\u1ee7a [...]\" \/>\n<meta property=\"og:url\" content=\"https:\/\/tanitastore.vn\/index.php\/product\/can-suc-khoe-dien-tu-cho-tre-em-tanita-1583\/\" \/>\n<meta property=\"og:site_name\" content=\"tanita store vn\" \/>\n<meta property=\"article:modified_time\" content=\"2025-03-13T02:27:04+00:00\" \/>\n<meta property=\"og:image\" content=\"https:\/\/tanitastore.vn\/wp-content\/uploads\/2022\/10\/1583-min.png\" \/>\n\t<meta property=\"og:image:width\" content=\"700\" \/>\n\t<meta property=\"og:image:height\" content=\"700\" \/>\n\t<meta property=\"og:image:type\" content=\"image\/png\" \/>\n<meta name=\"twitter:card\" content=\"summary_large_image\" \/>\n<meta name=\"twitter:label1\" content=\"\u01af\u1edbc t\u00ednh th\u1eddi gian \u0111\u1ecdc\" \/>\n\t<meta name=\"twitter:data1\" content=\"1 ph\u00fat\" \/>\n<script type=\"application\/ld+json\" class=\"yoast-schema-graph\">{\"@context\":\"https:\/\/schema.org\",\"@graph\":[{\"@type\":\"WebPage\",\"@id\":\"https:\/\/tanitastore.vn\/index.php\/product\/can-suc-khoe-dien-tu-cho-tre-em-tanita-1583\/\",\"url\":\"https:\/\/tanitastore.vn\/index.php\/product\/can-suc-khoe-dien-tu-cho-tre-em-tanita-1583\/\",\"name\":\"C\u00e2n s\u1ee9c kh\u1ecfe \u0111i\u1ec7n t\u1eed cho tr\u1ebb em TANITA 1583 - tanita store vn\",\"isPartOf\":{\"@id\":\"https:\/\/tanitastore.vn\/#website\"},\"datePublished\":\"2022-10-06T20:34:24+00:00\",\"dateModified\":\"2025-03-13T02:27:04+00:00\",\"breadcrumb\":{\"@id\":\"https:\/\/tanitastore.vn\/index.php\/product\/can-suc-khoe-dien-tu-cho-tre-em-tanita-1583\/#breadcrumb\"},\"inLanguage\":\"vi\",\"potentialAction\":[{\"@type\":\"ReadAction\",\"target\":[\"https:\/\/tanitastore.vn\/index.php\/product\/can-suc-khoe-dien-tu-cho-tre-em-tanita-1583\/\"]}]},{\"@type\":\"BreadcrumbList\",\"@id\":\"https:\/\/tanitastore.vn\/index.php\/product\/can-suc-khoe-dien-tu-cho-tre-em-tanita-1583\/#breadcrumb\",\"itemListElement\":[{\"@type\":\"ListItem\",\"position\":1,\"name\":\"Home\",\"item\":\"https:\/\/tanitastore.vn\/\"},{\"@type\":\"ListItem\",\"position\":2,\"name\":\"Shop\",\"item\":\"https:\/\/tanitastore.vn\/index.php\/shop\/\"},{\"@type\":\"ListItem\",\"position\":3,\"name\":\"C\u00e2n s\u1ee9c kh\u1ecfe \u0111i\u1ec7n t\u1eed cho tr\u1ebb em TANITA 1583\"}]},{\"@type\":\"WebSite\",\"@id\":\"https:\/\/tanitastore.vn\/#website\",\"url\":\"https:\/\/tanitastore.vn\/\",\"name\":\"tanita store vn\",\"description\":\"Nh\u00e0 ph\u00e2n ph\u1ed1i ch\u00ednh h\u00e3ng Tanita t\u1ea1i Vi\u1ec7t Nam\",\"potentialAction\":[{\"@type\":\"SearchAction\",\"target\":{\"@type\":\"EntryPoint\",\"urlTemplate\":\"https:\/\/tanitastore.vn\/?s={search_term_string}\"},\"query-input\":\"required name=search_term_string\"}],\"inLanguage\":\"vi\"}]}<\/script>\n<!-- \/ Yoast SEO plugin. -->","yoast_head_json":{"title":"C\u00e2n s\u1ee9c kh\u1ecfe \u0111i\u1ec7n t\u1eed cho tr\u1ebb em TANITA 1583 - tanita store vn","robots":{"index":"index","follow":"follow","max-snippet":"max-snippet:-1","max-image-preview":"max-image-preview:large","max-video-preview":"max-video-preview:-1"},"canonical":"https:\/\/tanitastore.vn\/index.php\/product\/can-suc-khoe-dien-tu-cho-tre-em-tanita-1583\/","og_locale":"vi_VN","og_type":"article","og_title":"C\u00e2n s\u1ee9c kh\u1ecfe \u0111i\u1ec7n t\u1eed cho tr\u1ebb em TANITA 1583 - tanita store vn","og_description":"C\u00e2n s\u1ee9c kh\u1ecfe \u0111i\u1ec7n t\u1eed tr\u1ebb em c\u00f3 l\u00f2ng m\u00e1ng &#8211; theo d\u00f5i c\u00e2n n\u1eb7ng cho b\u00e9 y\u00eau ngay t\u1eeb khi l\u1ecdt l\u00f2ng C\u00e2n \u0111i\u1ec7n t\u1eed Tanita 1583 \u0111\u01b0\u1ee3c s\u1eed d\u1ee5ng \u0111\u1ec3 c\u00e2n \u0111o tr\u1ebb s\u01a1 sinh t\u1ea1i nhi\u1ec1u trung t\u00e2m y t\u1ebf, ph\u00f2ng \u0111\u1ebb hay t\u1ea1i gia \u0111\u00ecnh \u0111\u1ec3 theo d\u00f5i c\u00e2n n\u1eb7ng c\u1ee7a [...]","og_url":"https:\/\/tanitastore.vn\/index.php\/product\/can-suc-khoe-dien-tu-cho-tre-em-tanita-1583\/","og_site_name":"tanita store vn","article_modified_time":"2025-03-13T02:27:04+00:00","og_image":[{"width":700,"height":700,"url":"https:\/\/tanitastore.vn\/wp-content\/uploads\/2022\/10\/1583-min.png","type":"image\/png"}],"twitter_card":"summary_large_image","twitter_misc":{"\u01af\u1edbc t\u00ednh th\u1eddi gian \u0111\u1ecdc":"1 ph\u00fat"},"schema":{"@context":"https:\/\/schema.org","@graph":[{"@type":"WebPage","@id":"https:\/\/tanitastore.vn\/index.php\/product\/can-suc-khoe-dien-tu-cho-tre-em-tanita-1583\/","url":"https:\/\/tanitastore.vn\/index.php\/product\/can-suc-khoe-dien-tu-cho-tre-em-tanita-1583\/","name":"C\u00e2n s\u1ee9c kh\u1ecfe \u0111i\u1ec7n t\u1eed cho tr\u1ebb em TANITA 1583 - tanita store vn","isPartOf":{"@id":"https:\/\/tanitastore.vn\/#website"},"datePublished":"2022-10-06T20:34:24+00:00","dateModified":"2025-03-13T02:27:04+00:00","breadcrumb":{"@id":"https:\/\/tanitastore.vn\/index.php\/product\/can-suc-khoe-dien-tu-cho-tre-em-tanita-1583\/#breadcrumb"},"inLanguage":"vi","potentialAction":[{"@type":"ReadAction","target":["https:\/\/tanitastore.vn\/index.php\/product\/can-suc-khoe-dien-tu-cho-tre-em-tanita-1583\/"]}]},{"@type":"BreadcrumbList","@id":"https:\/\/tanitastore.vn\/index.php\/product\/can-suc-khoe-dien-tu-cho-tre-em-tanita-1583\/#breadcrumb","itemListElement":[{"@type":"ListItem","position":1,"name":"Home","item":"https:\/\/tanitastore.vn\/"},{"@type":"ListItem","position":2,"name":"Shop","item":"https:\/\/tanitastore.vn\/index.php\/shop\/"},{"@type":"ListItem","position":3,"name":"C\u00e2n s\u1ee9c kh\u1ecfe \u0111i\u1ec7n t\u1eed cho tr\u1ebb em TANITA 1583"}]},{"@type":"WebSite","@id":"https:\/\/tanitastore.vn\/#website","url":"https:\/\/tanitastore.vn\/","name":"tanita store vn","description":"Nh\u00e0 ph\u00e2n ph\u1ed1i ch\u00ednh h\u00e3ng Tanita t\u1ea1i Vi\u1ec7t Nam","potentialAction":[{"@type":"SearchAction","target":{"@type":"EntryPoint","urlTemplate":"https:\/\/tanitastore.vn\/?s={search_term_string}"},"query-input":"required name=search_term_string"}],"inLanguage":"vi"}]}},"_links":{"self":[{"href":"https:\/\/tanitastore.vn\/index.php\/wp-json\/wp\/v2\/product\/1108","targetHints":{"allow":["GET"]}}],"collection":[{"href":"https:\/\/tanitastore.vn\/index.php\/wp-json\/wp\/v2\/product"}],"about":[{"href":"https:\/\/tanitastore.vn\/index.php\/wp-json\/wp\/v2\/types\/product"}],"replies":[{"embeddable":true,"href":"https:\/\/tanitastore.vn\/index.php\/wp-json\/wp\/v2\/comments?post=1108"}],"wp:featuredmedia":[{"embeddable":true,"href":"https:\/\/tanitastore.vn\/index.php\/wp-json\/wp\/v2\/media\/1110"}],"wp:attachment":[{"href":"https:\/\/tanitastore.vn\/index.php\/wp-json\/wp\/v2\/media?parent=1108"}],"wp:term":[{"taxonomy":"product_cat","embeddable":true,"href":"https:\/\/tanitastore.vn\/index.php\/wp-json\/wp\/v2\/product_cat?post=1108"},{"taxonomy":"product_tag","embeddable":true,"href":"https:\/\/tanitastore.vn\/index.php\/wp-json\/wp\/v2\/product_tag?post=1108"}],"curies":[{"name":"wp","href":"https:\/\/api.w.org\/{rel}","templated":true}]}}