{"id":1068,"date":"2022-10-06T17:05:36","date_gmt":"2022-10-06T17:05:36","guid":{"rendered":"https:\/\/tanitastore.vn\/?post_type=product&#038;p=1068"},"modified":"2024-01-15T15:30:15","modified_gmt":"2024-01-15T08:00:15","slug":"can-suc-khoe-do-chieu-cao-bmi-tanita-wb-380h","status":"publish","type":"product","link":"https:\/\/tanitastore.vn\/index.php\/product\/can-suc-khoe-do-chieu-cao-bmi-tanita-wb-380h\/","title":{"rendered":"C\u00e2n s\u1ee9c kh\u1ecfe \u0111o chi\u1ec1u cao BMI TANITA WB-380H"},"content":{"rendered":"<p><span style=\"text-align: justify; color: #333333;\">S\u1ea3n ph\u1ea9m \u0111\u01b0\u1ee3c tin d\u00f9ng b\u1edfi Sai G\u00f2n Smile Spa, Vi\u1ec7n Dinh D\u01b0\u1ee1ng, Vinmec&#8230; LH: 0989 053 888 | 0976 500 888 \u0111\u1ec3 \u0111\u01b0\u1ee3c b\u00e1o gi\u00e1 t\u1ed1t nh\u1ea5t<\/span><\/p>\n<div class=\"columns\">\n<div class=\"column main\">\n<div class=\"block-container-product\">\n<div id=\"general\" class=\"tab-block-content active\">\n<div id=\"message-warranty-general\" class=\"block-warranty\" style=\"text-align: justify;\" data-block_id=\"\"><\/div>\n<\/div>\n<\/div>\n<\/div>\n<\/div>\n<p>&nbsp;<\/p>\n","protected":false},"excerpt":{"rendered":"<div class=\"product attribute overview\">\n<div class=\"value\" style=\"text-align: justify;\">C\u00e2n \u0111o chi\u1ec1u cao BMI \u0111i\u1ec7n t\u1eed chuy\u00ean d\u1ee5ng cho b\u1ec7nh vi\u1ec7n, ph\u00f2ng kh\u00e1m, ph\u00f2ng t\u1eadp th\u1ec3 thao<\/div>\n<\/div>\n<div class=\"content-delivery\">\n<ul>\n<li style=\"text-align: justify;\">Thi\u1ebft k\u1ebf b\u1ec1n b\u1ec9 t\u1eeb TANITA Nh\u1eadt B\u1ea3n<\/li>\n<li style=\"text-align: justify;\">C\u00e2n \u0111o chi\u1ec1u cao v\u00e0 t\u00ednh ch\u1ec9 s\u1ed1 BMI t\u1ef1 \u0111\u1ed9ng<\/li>\n<li style=\"text-align: justify;\">C\u00f4ng su\u1ea5t c\u00e2n l\u00ean t\u1edbi 300kg<\/li>\n<li style=\"text-align: justify;\">Ch\u00ednh x\u00e1c t\u1edbi t\u1eebng 100g<\/li>\n<li style=\"text-align: justify;\">B\u1ea3o h\u00e0nh 12 th\u00e1ng<\/li>\n<\/ul>\n<\/div>\n","protected":false},"featured_media":1070,"comment_status":"open","ping_status":"closed","template":"","meta":[],"product_cat":[26],"product_tag":[],"class_list":["post-1068","product","type-product","status-publish","has-post-thumbnail","hentry","product_cat-can-chuyen-dung"],"yoast_head":"<!-- This site is optimized with the Yoast SEO plugin v19.5.1 - https:\/\/yoast.com\/wordpress\/plugins\/seo\/ -->\n<title>C\u00e2n s\u1ee9c kh\u1ecfe \u0111o chi\u1ec1u cao BMI TANITA WB-380H - tanita store vn<\/title>\n<meta name=\"robots\" content=\"index, follow, max-snippet:-1, max-image-preview:large, max-video-preview:-1\" \/>\n<link rel=\"canonical\" href=\"https:\/\/tanitastore.vn\/index.php\/product\/can-suc-khoe-do-chieu-cao-bmi-tanita-wb-380h\/\" \/>\n<meta property=\"og:locale\" content=\"vi_VN\" \/>\n<meta property=\"og:type\" content=\"article\" \/>\n<meta property=\"og:title\" content=\"C\u00e2n s\u1ee9c kh\u1ecfe \u0111o chi\u1ec1u cao BMI TANITA WB-380H - tanita store vn\" \/>\n<meta property=\"og:description\" content=\"C\u00e2n \u0111o chi\u1ec1u cao BMI \u0111i\u1ec7n t\u1eed chuy\u00ean d\u1ee5ng cho b\u1ec7nh vi\u1ec7n, ph\u00f2ng kh\u00e1m, ph\u00f2ng t\u1eadp th\u1ec3 thao     Thi\u1ebft k\u1ebf b\u1ec1n b\u1ec9 t\u1eeb TANITA Nh\u1eadt B\u1ea3n  C\u00e2n \u0111o chi\u1ec1u cao v\u00e0 t\u00ednh ch\u1ec9 s\u1ed1 BMI t\u1ef1 \u0111\u1ed9ng  C\u00f4ng su\u1ea5t c\u00e2n l\u00ean t\u1edbi 300kg  Ch\u00ednh x\u00e1c t\u1edbi t\u1eebng 100g  B\u1ea3o h\u00e0nh 12 th\u00e1ng\" \/>\n<meta property=\"og:url\" content=\"https:\/\/tanitastore.vn\/index.php\/product\/can-suc-khoe-do-chieu-cao-bmi-tanita-wb-380h\/\" \/>\n<meta property=\"og:site_name\" content=\"tanita store vn\" \/>\n<meta property=\"article:modified_time\" content=\"2024-01-15T08:00:15+00:00\" \/>\n<meta property=\"og:image\" content=\"https:\/\/tanitastore.vn\/wp-content\/uploads\/2022\/10\/316_wb_380h_1_1.jpg\" \/>\n\t<meta property=\"og:image:width\" content=\"700\" \/>\n\t<meta property=\"og:image:height\" content=\"700\" \/>\n\t<meta property=\"og:image:type\" content=\"image\/jpeg\" \/>\n<meta name=\"twitter:card\" content=\"summary_large_image\" \/>\n<meta name=\"twitter:label1\" content=\"\u01af\u1edbc t\u00ednh th\u1eddi gian \u0111\u1ecdc\" \/>\n\t<meta name=\"twitter:data1\" content=\"1 ph\u00fat\" \/>\n<script type=\"application\/ld+json\" class=\"yoast-schema-graph\">{\"@context\":\"https:\/\/schema.org\",\"@graph\":[{\"@type\":\"WebPage\",\"@id\":\"https:\/\/tanitastore.vn\/index.php\/product\/can-suc-khoe-do-chieu-cao-bmi-tanita-wb-380h\/\",\"url\":\"https:\/\/tanitastore.vn\/index.php\/product\/can-suc-khoe-do-chieu-cao-bmi-tanita-wb-380h\/\",\"name\":\"C\u00e2n s\u1ee9c kh\u1ecfe \u0111o chi\u1ec1u cao BMI TANITA WB-380H - tanita store vn\",\"isPartOf\":{\"@id\":\"https:\/\/tanitastore.vn\/#website\"},\"datePublished\":\"2022-10-06T17:05:36+00:00\",\"dateModified\":\"2024-01-15T08:00:15+00:00\",\"breadcrumb\":{\"@id\":\"https:\/\/tanitastore.vn\/index.php\/product\/can-suc-khoe-do-chieu-cao-bmi-tanita-wb-380h\/#breadcrumb\"},\"inLanguage\":\"vi\",\"potentialAction\":[{\"@type\":\"ReadAction\",\"target\":[\"https:\/\/tanitastore.vn\/index.php\/product\/can-suc-khoe-do-chieu-cao-bmi-tanita-wb-380h\/\"]}]},{\"@type\":\"BreadcrumbList\",\"@id\":\"https:\/\/tanitastore.vn\/index.php\/product\/can-suc-khoe-do-chieu-cao-bmi-tanita-wb-380h\/#breadcrumb\",\"itemListElement\":[{\"@type\":\"ListItem\",\"position\":1,\"name\":\"Home\",\"item\":\"https:\/\/tanitastore.vn\/\"},{\"@type\":\"ListItem\",\"position\":2,\"name\":\"Shop\",\"item\":\"https:\/\/tanitastore.vn\/index.php\/shop\/\"},{\"@type\":\"ListItem\",\"position\":3,\"name\":\"C\u00e2n s\u1ee9c kh\u1ecfe \u0111o chi\u1ec1u cao BMI TANITA WB-380H\"}]},{\"@type\":\"WebSite\",\"@id\":\"https:\/\/tanitastore.vn\/#website\",\"url\":\"https:\/\/tanitastore.vn\/\",\"name\":\"tanita store vn\",\"description\":\"Nh\u00e0 ph\u00e2n ph\u1ed1i ch\u00ednh h\u00e3ng Tanita t\u1ea1i Vi\u1ec7t Nam\",\"potentialAction\":[{\"@type\":\"SearchAction\",\"target\":{\"@type\":\"EntryPoint\",\"urlTemplate\":\"https:\/\/tanitastore.vn\/?s={search_term_string}\"},\"query-input\":\"required name=search_term_string\"}],\"inLanguage\":\"vi\"}]}<\/script>\n<!-- \/ Yoast SEO plugin. -->","yoast_head_json":{"title":"C\u00e2n s\u1ee9c kh\u1ecfe \u0111o chi\u1ec1u cao BMI TANITA WB-380H - tanita store vn","robots":{"index":"index","follow":"follow","max-snippet":"max-snippet:-1","max-image-preview":"max-image-preview:large","max-video-preview":"max-video-preview:-1"},"canonical":"https:\/\/tanitastore.vn\/index.php\/product\/can-suc-khoe-do-chieu-cao-bmi-tanita-wb-380h\/","og_locale":"vi_VN","og_type":"article","og_title":"C\u00e2n s\u1ee9c kh\u1ecfe \u0111o chi\u1ec1u cao BMI TANITA WB-380H - tanita store vn","og_description":"C\u00e2n \u0111o chi\u1ec1u cao BMI \u0111i\u1ec7n t\u1eed chuy\u00ean d\u1ee5ng cho b\u1ec7nh vi\u1ec7n, ph\u00f2ng kh\u00e1m, ph\u00f2ng t\u1eadp th\u1ec3 thao     Thi\u1ebft k\u1ebf b\u1ec1n b\u1ec9 t\u1eeb TANITA Nh\u1eadt B\u1ea3n  C\u00e2n \u0111o chi\u1ec1u cao v\u00e0 t\u00ednh ch\u1ec9 s\u1ed1 BMI t\u1ef1 \u0111\u1ed9ng  C\u00f4ng su\u1ea5t c\u00e2n l\u00ean t\u1edbi 300kg  Ch\u00ednh x\u00e1c t\u1edbi t\u1eebng 100g  B\u1ea3o h\u00e0nh 12 th\u00e1ng","og_url":"https:\/\/tanitastore.vn\/index.php\/product\/can-suc-khoe-do-chieu-cao-bmi-tanita-wb-380h\/","og_site_name":"tanita store vn","article_modified_time":"2024-01-15T08:00:15+00:00","og_image":[{"width":700,"height":700,"url":"https:\/\/tanitastore.vn\/wp-content\/uploads\/2022\/10\/316_wb_380h_1_1.jpg","type":"image\/jpeg"}],"twitter_card":"summary_large_image","twitter_misc":{"\u01af\u1edbc t\u00ednh th\u1eddi gian \u0111\u1ecdc":"1 ph\u00fat"},"schema":{"@context":"https:\/\/schema.org","@graph":[{"@type":"WebPage","@id":"https:\/\/tanitastore.vn\/index.php\/product\/can-suc-khoe-do-chieu-cao-bmi-tanita-wb-380h\/","url":"https:\/\/tanitastore.vn\/index.php\/product\/can-suc-khoe-do-chieu-cao-bmi-tanita-wb-380h\/","name":"C\u00e2n s\u1ee9c kh\u1ecfe \u0111o chi\u1ec1u cao BMI TANITA WB-380H - tanita store vn","isPartOf":{"@id":"https:\/\/tanitastore.vn\/#website"},"datePublished":"2022-10-06T17:05:36+00:00","dateModified":"2024-01-15T08:00:15+00:00","breadcrumb":{"@id":"https:\/\/tanitastore.vn\/index.php\/product\/can-suc-khoe-do-chieu-cao-bmi-tanita-wb-380h\/#breadcrumb"},"inLanguage":"vi","potentialAction":[{"@type":"ReadAction","target":["https:\/\/tanitastore.vn\/index.php\/product\/can-suc-khoe-do-chieu-cao-bmi-tanita-wb-380h\/"]}]},{"@type":"BreadcrumbList","@id":"https:\/\/tanitastore.vn\/index.php\/product\/can-suc-khoe-do-chieu-cao-bmi-tanita-wb-380h\/#breadcrumb","itemListElement":[{"@type":"ListItem","position":1,"name":"Home","item":"https:\/\/tanitastore.vn\/"},{"@type":"ListItem","position":2,"name":"Shop","item":"https:\/\/tanitastore.vn\/index.php\/shop\/"},{"@type":"ListItem","position":3,"name":"C\u00e2n s\u1ee9c kh\u1ecfe \u0111o chi\u1ec1u cao BMI TANITA WB-380H"}]},{"@type":"WebSite","@id":"https:\/\/tanitastore.vn\/#website","url":"https:\/\/tanitastore.vn\/","name":"tanita store vn","description":"Nh\u00e0 ph\u00e2n ph\u1ed1i ch\u00ednh h\u00e3ng Tanita t\u1ea1i Vi\u1ec7t Nam","potentialAction":[{"@type":"SearchAction","target":{"@type":"EntryPoint","urlTemplate":"https:\/\/tanitastore.vn\/?s={search_term_string}"},"query-input":"required name=search_term_string"}],"inLanguage":"vi"}]}},"_links":{"self":[{"href":"https:\/\/tanitastore.vn\/index.php\/wp-json\/wp\/v2\/product\/1068","targetHints":{"allow":["GET"]}}],"collection":[{"href":"https:\/\/tanitastore.vn\/index.php\/wp-json\/wp\/v2\/product"}],"about":[{"href":"https:\/\/tanitastore.vn\/index.php\/wp-json\/wp\/v2\/types\/product"}],"replies":[{"embeddable":true,"href":"https:\/\/tanitastore.vn\/index.php\/wp-json\/wp\/v2\/comments?post=1068"}],"wp:featuredmedia":[{"embeddable":true,"href":"https:\/\/tanitastore.vn\/index.php\/wp-json\/wp\/v2\/media\/1070"}],"wp:attachment":[{"href":"https:\/\/tanitastore.vn\/index.php\/wp-json\/wp\/v2\/media?parent=1068"}],"wp:term":[{"taxonomy":"product_cat","embeddable":true,"href":"https:\/\/tanitastore.vn\/index.php\/wp-json\/wp\/v2\/product_cat?post=1068"},{"taxonomy":"product_tag","embeddable":true,"href":"https:\/\/tanitastore.vn\/index.php\/wp-json\/wp\/v2\/product_tag?post=1068"}],"curies":[{"name":"wp","href":"https:\/\/api.w.org\/{rel}","templated":true}]}}