{"id":1063,"date":"2022-10-06T16:50:44","date_gmt":"2022-10-06T16:50:44","guid":{"rendered":"https:\/\/tanitastore.vn\/?post_type=product&#038;p=1063"},"modified":"2022-10-06T18:09:25","modified_gmt":"2022-10-06T18:09:25","slug":"may-phan-tich-thanh-phan-co-the-tanita-dc-430-ma-p-luong-tan","status":"publish","type":"product","link":"https:\/\/tanitastore.vn\/index.php\/product\/may-phan-tich-thanh-phan-co-the-tanita-dc-430-ma-p-luong-tan\/","title":{"rendered":"M\u00e1y ph\u00e2n t\u00edch th\u00e0nh ph\u1ea7n c\u01a1 th\u1ec3 TANITA DC-430MA P (l\u01b0\u1ee1ng t\u1ea7n)"},"content":{"rendered":"<h3 style=\"text-align: justify;\"><span style=\"font-size: 100%;\"><strong><span style=\"color: #ed1c24;\">CH\u1ee8NG NH\u1eacN Y T\u1ebe<\/span><\/strong><\/span><\/h3>\n<ul style=\"text-align: justify;\">\n<li><span style=\"font-size: 100%;\">C\u1ea4P CH\u00cdNH X\u00c1C: FDA, MDD Class II-a, NAWI Class III<\/span><\/li>\n<\/ul>\n<h3 style=\"text-align: justify;\"><span style=\"font-size: 100%;\"><strong><span style=\"color: #ed1c24;\">C\u00d4NG NGH\u1ec6 PH\u00c2N T\u00cdCH<\/span><\/strong><\/span><\/h3>\n<ul style=\"text-align: justify;\">\n<li><span style=\"font-size: 100%;\">Ph\u00e2n t\u00edch th\u00e0nh ph\u1ea7n to\u00e0n c\u01a1 th\u1ec3 trong v\u00f2ng 15s v\u1edbi c\u00f4ng ngh\u1ec7 ph\u00e2n t\u00edch tr\u1edf kh\u00e1ng \u0111i\u1ec7n sinh h\u1ecdc BIA l\u01b0\u1ee1ng t\u1ea7n ti\u1ebfn ti\u1ebfn nh\u1ea5t.<\/span><\/li>\n<li><span style=\"font-size: 100%;\">\u0110\u01b0\u1ee3c ch\u1ee9ng nh\u1eadn l\u00e2m s\u00e0ng, c\u1ea5p ph\u00e9p s\u1eed d\u1ee5ng trong t\u01b0 v\u1ea5n Y t\u1ebf.<\/span><\/li>\n<\/ul>\n<h3 style=\"text-align: justify;\"><span style=\"font-size: 100%;\"><strong><span style=\"color: #ed1c24;\">K\u1ebeT QU\u1ea2 \u0110\u1ea6U RA<\/span><\/strong><\/span><\/h3>\n<ul>\n<li><span style=\"font-size: 100%;\">M\u00e1y in nhi\u1ec7t t\u00edch h\u1ee3p gi\u00fap b\u1ea1n \u0111\u1ecdc c\u00e1c ch\u1ec9 s\u1ed1 ph\u00e2n t\u00edch ngay khi v\u1eeba c\u00e2n xong.<\/span><\/li>\n<li><span style=\"font-size: 100%;\">S\u1ed1 li\u1ec7u ph\u00e2n t\u00edch \u0111\u01b0\u1ee3c t\u1ef1 \u0111\u1ed9ng l\u01b0u tr\u1eef tr\u00ean th\u1ebb nh\u1edb SD, g\u1eedi \u0111\u1ebfn m\u00e1y t\u00ednh ho\u1eb7c m\u00e1y in.<\/span><\/li>\n<li><span style=\"font-size: 100%;\">Ph\u1ea7n m\u1ec1m GMON PRO t\u01b0\u01a1ng th\u00edch gi\u00fap ph\u00e2n t\u00edch xu h\u01b0\u1edbng, c\u00e1c nguy c\u01a1 s\u1ee9c kh\u1ecfe v\u00e0 qu\u1ea3n l\u00fd d\u1eef li\u1ec7u to\u00e0n di\u1ec7n.<\/span><\/li>\n<li><span style=\"font-size: 100%;\">C\u00e1c \u0111\u00e1nh gi\u00e1 in nhanh: \u0111\u00e1nh gi\u00e1 l\u01b0\u1ee3ng m\u1ee1, ch\u1ec9 th\u1ecb kh\u1ed1i l\u01b0\u1ee3ng c\u01a1, ch\u1ec9 th\u1ecb BMR, x\u1ebfp lo\u1ea1i v\u00f3c d\u00e1ng, m\u1ee5c ti\u00eau l\u01b0\u1ee3ng m\u1ee1 &amp; c\u00e2n n\u1eb7ng.<\/span><\/li>\n<\/ul>\n<h3 style=\"text-align: justify;\"><span style=\"font-size: 100%;\"><strong><span style=\"color: #ed1c24;\">\u1ee8NG D\u1ee4NG L\u00c2M S\u00c0NG<\/span><\/strong><\/span><\/h3>\n<table>\n<tbody>\n<tr>\n<td><span style=\"font-size: 100%;\"><strong>Ung th\u01b0\u00a0\u00a0\u2713<\/strong><\/span><\/td>\n<td><span style=\"font-size: 100%;\"><strong>Ti\u1ec3u \u0111\u01b0\u1eddng\u00a0\u00a0<\/strong><\/span><\/td>\n<td><span style=\"font-size: 100%;\"><strong>U x\u01a1 nang\u00a0\u00a0<\/strong><\/span><\/td>\n<\/tr>\n<tr>\n<td><span style=\"font-size: 100%;\"><strong>Ki\u1ec3m so\u00e1t c\u00e2n n\u1eb7ng\u00a0\u00a0\u2713\u00a0\u00a0<\/strong><\/span><\/td>\n<td><span style=\"font-size: 100%;\"><strong>Ch\u1ee9c n\u0103ng th\u1eadn\u00a0\u00a0<\/strong><\/span><\/td>\n<td><span style=\"font-size: 100%;\"><strong>T\u1eafc ngh\u1ebdn ph\u1ed5i m\u00e3n t\u00ednh COPD\u00a0\u00a0<\/strong><\/span><\/td>\n<\/tr>\n<tr>\n<td><span style=\"font-size: 100%;\"><strong>B\u1ec7nh ngh\u1ec1 nghi\u1ec7p\u00a0\u00a0\u2713<\/strong><\/span><\/td>\n<td><span style=\"font-size: 100%;\"><strong>Ph\u1eabu thu\u1eadt gi\u1ea3m b\u00e9o\u00a0\u00a0\u2713\u00a0\u00a0<\/strong><\/span><\/td>\n<td><span style=\"font-size: 100%;\"><strong>Ch\u1eefa tr\u1ecb \u0111a khoa\u00a0\u00a0\u2713<\/strong><\/span><\/td>\n<\/tr>\n<tr>\n<td><span style=\"font-size: 100%;\"><strong>Y d\u01b0\u1ee3c\u00a0\u00a0\u2713<\/strong><\/span><\/td>\n<td><span style=\"font-size: 100%;\"><strong>Khoa nhi\u00a0\u00a0\u2713<\/strong><\/span><\/td>\n<td><span style=\"font-size: 100%;\"><strong>L\u00e3o khoa t\u00edch c\u1ef1c\u00a0\u00a0\u2713<\/strong><\/span><\/td>\n<\/tr>\n<tr>\n<td><span style=\"font-size: 100%;\"><strong>V\u1eadt l\u00fd tr\u1ecb li\u1ec7u<\/strong><\/span><\/td>\n<td><span style=\"font-size: 100%;\"><strong>Khoa h\u1ecdc th\u1ec3 thao<\/strong><\/span><\/td>\n<td><\/td>\n<\/tr>\n<\/tbody>\n<\/table>\n<h3 style=\"text-align: justify;\"><span style=\"color: #282828; font-size: 100%;\"><strong>TH\u00d4NG S\u1ed0 K\u1ef8 THU\u1eacT<\/strong><\/span><\/h3>\n<div class=\"row row-collapse align-middle align-center\"  id=\"row-2048246401\">\n\n\t<div id=\"col-1505097309\" class=\"col medium-7 small-12 large-7\"  >\n\t\t\t\t<div class=\"col-inner text-center\"  >\n\t\t\t\n\t\t\t\n<table style=\"height: 254px; width: 102.69%; border-style: solid; border-color: #000000;\">\n<tbody>\n<tr style=\"border-style: solid; border-color: #000000;\">\n<td style=\"height: 21px; width: 42.8073%; border-style: solid; border-color: #000000;\"><span style=\"font-size: 100%;\">C\u1ea5p ch\u00ednh x\u00e1c<\/span><\/td>\n<td style=\"height: 21px; width: 94.0638%; border-style: solid; border-color: #000000;\"><span style=\"font-size: 100%;\">MDD Class II-a, NAWI Class III<\/span><\/td>\n<\/tr>\n<tr style=\"border-style: solid; border-color: #000000;\">\n<td style=\"height: 21px; width: 42.8073%; border-style: solid; border-color: #000000;\"><span style=\"font-size: 100%;\">C\u1ea5p ph\u00e9p Y t\u1ebf<\/span><\/td>\n<td style=\"height: 21px; width: 94.0638%; border-style: solid; border-color: #000000;\"><span style=\"font-size: 100%;\"><strong>FDA, MDD s\u1eed d\u1ee5ng trong y t\u1ebf<\/strong><\/span><\/td>\n<\/tr>\n<tr style=\"border-style: solid; border-color: #000000;\">\n<td style=\"height: 21px; width: 42.8073%; border-style: solid; border-color: #000000;\"><span style=\"font-size: 100%;\">T\u1ea7n s\u1ed1 BIA<\/span><\/td>\n<td style=\"height: 21px; width: 94.0638%; border-style: solid; border-color: #000000;\"><span style=\"font-size: 100%;\">6.25kHz, 50kHz<\/span><\/td>\n<\/tr>\n<tr style=\"border-style: solid; border-color: #000000;\">\n<td style=\"height: 21px; width: 42.8073%; border-style: solid; border-color: #000000;\"><span style=\"font-size: 100%;\">Tu\u1ed5i ng\u01b0\u1eddi d\u00f9ng<\/span><\/td>\n<td style=\"height: 21px; width: 94.0638%; border-style: solid; border-color: #000000;\"><span style=\"font-size: 100%;\">5 &#8211; 99<\/span><\/td>\n<\/tr>\n<tr style=\"border-style: solid; border-color: #000000;\">\n<td style=\"height: 21px; width: 42.8073%; border-style: solid; border-color: #000000;\"><span style=\"font-size: 100%;\">Tr\u1ecdng t\u1ea3i<\/span><\/td>\n<td style=\"height: 21px; width: 94.0638%; border-style: solid; border-color: #000000;\"><span style=\"font-size: 100%;\">270 kg<\/span><\/td>\n<\/tr>\n<tr style=\"border-style: solid; border-color: #000000;\">\n<td style=\"height: 21px; width: 42.8073%; border-style: solid; border-color: #000000;\"><span style=\"font-size: 100%;\">\u0110\u1ed9 chia<\/span><\/td>\n<td style=\"height: 21px; width: 94.0638%; border-style: solid; border-color: #000000;\"><span style=\"font-size: 100%;\">100g<\/span><\/td>\n<\/tr>\n<tr style=\"border-style: solid; border-color: #000000;\">\n<td style=\"height: 43px; width: 42.8073%; border-style: solid; border-color: #000000;\"><span style=\"font-size: 100%;\">K\u00edch th\u01b0\u1edbc s\u1ea3n ph\u1ea9m<\/span><\/td>\n<td style=\"height: 43px; width: 94.0638%; border-style: solid; border-color: #000000;\"><span style=\"font-size: 100%;\">(P) 360 x 360 x 1070 mm<\/span><\/td>\n<\/tr>\n<tr style=\"border-style: solid; border-color: #000000;\">\n<td style=\"height: 21px; width: 42.8073%; border-style: solid; border-color: #000000;\"><span style=\"font-size: 100%;\">Tr\u1ecdng l\u01b0\u1ee3ng<\/span><\/td>\n<td style=\"height: 21px; width: 94.0638%; border-style: solid; border-color: #000000;\"><span style=\"font-size: 100%;\">(P) 13.5 kg<\/span><\/td>\n<\/tr>\n<tr style=\"border-style: solid; border-color: #000000;\">\n<td style=\"height: 21px; width: 42.8073%; border-style: solid; border-color: #000000;\"><span style=\"font-size: 100%;\">Ngu\u1ed3n \u0111i\u1ec7n<\/span><\/td>\n<td style=\"height: 21px; width: 94.0638%; border-style: solid; border-color: #000000;\"><span style=\"font-size: 100%;\">AC 100 &#8211; 240 V<\/span><\/td>\n<\/tr>\n<tr style=\"border-style: solid; border-color: #000000;\">\n<td style=\"height: 43px; width: 42.8073%; border-style: solid; border-color: #000000;\"><span style=\"font-size: 100%;\">Giao di\u1ec7n k\u1ebft n\u1ed1i<\/span><\/td>\n<td style=\"height: 43px; width: 94.0638%; border-style: solid; border-color: #000000;\"><span style=\"font-size: 100%;\">RS232, USB, khe \u0111\u1ecdc th\u1ebb nh\u1edb SD<\/span><\/td>\n<\/tr>\n<\/tbody>\n<\/table>\n\t\t<\/div>\n\t\t\t\t\t<\/div>\n\n\t\n<\/div>\n","protected":false},"excerpt":{"rendered":"<p>M\u00e1y ph\u00e2n t\u00edch th\u00e0nh ph\u1ea7n c\u01a1 th\u1ec3 chuy\u00ean d\u1ee5ng d\u00e0nh cho B\u1ec7nh vi\u1ec7n, SPA, Th\u1ea9m m\u1ef9 vi\u1ec7n<\/p>\n<ul>\n<li>\u0110o ch\u1ec9 s\u1ed1 c\u01a1 th\u1ec3 ch\u1ec9 trong 10s<\/li>\n<li>D\u1ea3i ch\u1ec9 s\u1ed1 s\u1ee9c kh\u1ecfe t\u1ef1 \u0111\u1ed9ng so s\u00e1nh v\u1edbi m\u1ed9t s\u1ed1 ch\u1ec9 s\u1ed1 ch\u00ednh \u0111\u1ec3 th\u1ea5y \u0111\u01b0\u1ee3c t\u00ecnh tr\u1ea1ng s\u1ee9c kh\u1ecfe c\u1ee7a m\u00ecnh<\/li>\n<li>C\u00e2n n\u1eb7ng t\u1ed1i \u0111a 270kg<\/li>\n<li>Hi\u1ec7u ch\u1ec9nh t\u1edbi 300.000 l\u1ea7n s\u1eed d\u1ee5ng v\u1edbi t\u1ef1 \u0111\u1ed9ng hi\u1ec7u ch\u1ec9nh sau m\u1ed7i ph\u00e9p \u0111o<\/li>\n<li>B\u1ea3o h\u00e0nh 12 th\u00e1ng<\/li>\n<\/ul>\n","protected":false},"featured_media":1065,"comment_status":"open","ping_status":"closed","template":"","meta":[],"product_cat":[26],"product_tag":[],"class_list":["post-1063","product","type-product","status-publish","has-post-thumbnail","hentry","product_cat-can-chuyen-dung"],"yoast_head":"<!-- This site is optimized with the Yoast SEO plugin v19.5.1 - https:\/\/yoast.com\/wordpress\/plugins\/seo\/ -->\n<title>M\u00e1y ph\u00e2n t\u00edch th\u00e0nh ph\u1ea7n c\u01a1 th\u1ec3 TANITA DC-430MA P (l\u01b0\u1ee1ng t\u1ea7n) - tanita store vn<\/title>\n<meta name=\"robots\" content=\"index, follow, max-snippet:-1, max-image-preview:large, max-video-preview:-1\" \/>\n<link rel=\"canonical\" href=\"https:\/\/tanitastore.vn\/index.php\/product\/may-phan-tich-thanh-phan-co-the-tanita-dc-430-ma-p-luong-tan\/\" \/>\n<meta property=\"og:locale\" content=\"vi_VN\" \/>\n<meta property=\"og:type\" content=\"article\" \/>\n<meta property=\"og:title\" content=\"M\u00e1y ph\u00e2n t\u00edch th\u00e0nh ph\u1ea7n c\u01a1 th\u1ec3 TANITA DC-430MA P (l\u01b0\u1ee1ng t\u1ea7n) - tanita store vn\" \/>\n<meta property=\"og:description\" content=\"M\u00e1y ph\u00e2n t\u00edch th\u00e0nh ph\u1ea7n c\u01a1 th\u1ec3 chuy\u00ean d\u1ee5ng d\u00e0nh cho B\u1ec7nh vi\u1ec7n, SPA, Th\u1ea9m m\u1ef9 vi\u1ec7n   \u0110o ch\u1ec9 s\u1ed1 c\u01a1 th\u1ec3 ch\u1ec9 trong 10s  D\u1ea3i ch\u1ec9 s\u1ed1 s\u1ee9c kh\u1ecfe t\u1ef1 \u0111\u1ed9ng so s\u00e1nh v\u1edbi m\u1ed9t s\u1ed1 ch\u1ec9 s\u1ed1 ch\u00ednh \u0111\u1ec3 th\u1ea5y \u0111\u01b0\u1ee3c t\u00ecnh tr\u1ea1ng s\u1ee9c kh\u1ecfe c\u1ee7a m\u00ecnh  C\u00e2n n\u1eb7ng t\u1ed1i \u0111a 270kg  Hi\u1ec7u ch\u1ec9nh t\u1edbi 300.000 l\u1ea7n s\u1eed d\u1ee5ng v\u1edbi t\u1ef1 \u0111\u1ed9ng hi\u1ec7u ch\u1ec9nh sau m\u1ed7i ph\u00e9p \u0111o  B\u1ea3o h\u00e0nh 12 th\u00e1ng\" \/>\n<meta property=\"og:url\" content=\"https:\/\/tanitastore.vn\/index.php\/product\/may-phan-tich-thanh-phan-co-the-tanita-dc-430-ma-p-luong-tan\/\" \/>\n<meta property=\"og:site_name\" content=\"tanita store vn\" \/>\n<meta property=\"article:modified_time\" content=\"2022-10-06T18:09:25+00:00\" \/>\n<meta property=\"og:image\" content=\"https:\/\/tanitastore.vn\/wp-content\/uploads\/2022\/10\/86f12gyu513-12yu86g-5fgyu1213.jpg\" \/>\n\t<meta property=\"og:image:width\" content=\"900\" \/>\n\t<meta property=\"og:image:height\" content=\"600\" \/>\n\t<meta property=\"og:image:type\" content=\"image\/jpeg\" \/>\n<meta name=\"twitter:card\" content=\"summary_large_image\" \/>\n<meta name=\"twitter:label1\" content=\"\u01af\u1edbc t\u00ednh th\u1eddi gian \u0111\u1ecdc\" \/>\n\t<meta name=\"twitter:data1\" content=\"2 ph\u00fat\" \/>\n<script type=\"application\/ld+json\" class=\"yoast-schema-graph\">{\"@context\":\"https:\/\/schema.org\",\"@graph\":[{\"@type\":\"WebPage\",\"@id\":\"https:\/\/tanitastore.vn\/index.php\/product\/may-phan-tich-thanh-phan-co-the-tanita-dc-430-ma-p-luong-tan\/\",\"url\":\"https:\/\/tanitastore.vn\/index.php\/product\/may-phan-tich-thanh-phan-co-the-tanita-dc-430-ma-p-luong-tan\/\",\"name\":\"M\u00e1y ph\u00e2n t\u00edch th\u00e0nh ph\u1ea7n c\u01a1 th\u1ec3 TANITA DC-430MA P (l\u01b0\u1ee1ng t\u1ea7n) - tanita store vn\",\"isPartOf\":{\"@id\":\"https:\/\/tanitastore.vn\/#website\"},\"datePublished\":\"2022-10-06T16:50:44+00:00\",\"dateModified\":\"2022-10-06T18:09:25+00:00\",\"breadcrumb\":{\"@id\":\"https:\/\/tanitastore.vn\/index.php\/product\/may-phan-tich-thanh-phan-co-the-tanita-dc-430-ma-p-luong-tan\/#breadcrumb\"},\"inLanguage\":\"vi\",\"potentialAction\":[{\"@type\":\"ReadAction\",\"target\":[\"https:\/\/tanitastore.vn\/index.php\/product\/may-phan-tich-thanh-phan-co-the-tanita-dc-430-ma-p-luong-tan\/\"]}]},{\"@type\":\"BreadcrumbList\",\"@id\":\"https:\/\/tanitastore.vn\/index.php\/product\/may-phan-tich-thanh-phan-co-the-tanita-dc-430-ma-p-luong-tan\/#breadcrumb\",\"itemListElement\":[{\"@type\":\"ListItem\",\"position\":1,\"name\":\"Home\",\"item\":\"https:\/\/tanitastore.vn\/\"},{\"@type\":\"ListItem\",\"position\":2,\"name\":\"Shop\",\"item\":\"https:\/\/tanitastore.vn\/index.php\/shop\/\"},{\"@type\":\"ListItem\",\"position\":3,\"name\":\"M\u00e1y ph\u00e2n t\u00edch th\u00e0nh ph\u1ea7n c\u01a1 th\u1ec3 TANITA DC-430MA P (l\u01b0\u1ee1ng t\u1ea7n)\"}]},{\"@type\":\"WebSite\",\"@id\":\"https:\/\/tanitastore.vn\/#website\",\"url\":\"https:\/\/tanitastore.vn\/\",\"name\":\"tanita store vn\",\"description\":\"Nh\u00e0 ph\u00e2n ph\u1ed1i ch\u00ednh h\u00e3ng Tanita t\u1ea1i Vi\u1ec7t Nam\",\"potentialAction\":[{\"@type\":\"SearchAction\",\"target\":{\"@type\":\"EntryPoint\",\"urlTemplate\":\"https:\/\/tanitastore.vn\/?s={search_term_string}\"},\"query-input\":\"required name=search_term_string\"}],\"inLanguage\":\"vi\"}]}<\/script>\n<!-- \/ Yoast SEO plugin. -->","yoast_head_json":{"title":"M\u00e1y ph\u00e2n t\u00edch th\u00e0nh ph\u1ea7n c\u01a1 th\u1ec3 TANITA DC-430MA P (l\u01b0\u1ee1ng t\u1ea7n) - tanita store vn","robots":{"index":"index","follow":"follow","max-snippet":"max-snippet:-1","max-image-preview":"max-image-preview:large","max-video-preview":"max-video-preview:-1"},"canonical":"https:\/\/tanitastore.vn\/index.php\/product\/may-phan-tich-thanh-phan-co-the-tanita-dc-430-ma-p-luong-tan\/","og_locale":"vi_VN","og_type":"article","og_title":"M\u00e1y ph\u00e2n t\u00edch th\u00e0nh ph\u1ea7n c\u01a1 th\u1ec3 TANITA DC-430MA P (l\u01b0\u1ee1ng t\u1ea7n) - tanita store vn","og_description":"M\u00e1y ph\u00e2n t\u00edch th\u00e0nh ph\u1ea7n c\u01a1 th\u1ec3 chuy\u00ean d\u1ee5ng d\u00e0nh cho B\u1ec7nh vi\u1ec7n, SPA, Th\u1ea9m m\u1ef9 vi\u1ec7n   \u0110o ch\u1ec9 s\u1ed1 c\u01a1 th\u1ec3 ch\u1ec9 trong 10s  D\u1ea3i ch\u1ec9 s\u1ed1 s\u1ee9c kh\u1ecfe t\u1ef1 \u0111\u1ed9ng so s\u00e1nh v\u1edbi m\u1ed9t s\u1ed1 ch\u1ec9 s\u1ed1 ch\u00ednh \u0111\u1ec3 th\u1ea5y \u0111\u01b0\u1ee3c t\u00ecnh tr\u1ea1ng s\u1ee9c kh\u1ecfe c\u1ee7a m\u00ecnh  C\u00e2n n\u1eb7ng t\u1ed1i \u0111a 270kg  Hi\u1ec7u ch\u1ec9nh t\u1edbi 300.000 l\u1ea7n s\u1eed d\u1ee5ng v\u1edbi t\u1ef1 \u0111\u1ed9ng hi\u1ec7u ch\u1ec9nh sau m\u1ed7i ph\u00e9p \u0111o  B\u1ea3o h\u00e0nh 12 th\u00e1ng","og_url":"https:\/\/tanitastore.vn\/index.php\/product\/may-phan-tich-thanh-phan-co-the-tanita-dc-430-ma-p-luong-tan\/","og_site_name":"tanita store vn","article_modified_time":"2022-10-06T18:09:25+00:00","og_image":[{"width":900,"height":600,"url":"https:\/\/tanitastore.vn\/wp-content\/uploads\/2022\/10\/86f12gyu513-12yu86g-5fgyu1213.jpg","type":"image\/jpeg"}],"twitter_card":"summary_large_image","twitter_misc":{"\u01af\u1edbc t\u00ednh th\u1eddi gian \u0111\u1ecdc":"2 ph\u00fat"},"schema":{"@context":"https:\/\/schema.org","@graph":[{"@type":"WebPage","@id":"https:\/\/tanitastore.vn\/index.php\/product\/may-phan-tich-thanh-phan-co-the-tanita-dc-430-ma-p-luong-tan\/","url":"https:\/\/tanitastore.vn\/index.php\/product\/may-phan-tich-thanh-phan-co-the-tanita-dc-430-ma-p-luong-tan\/","name":"M\u00e1y ph\u00e2n t\u00edch th\u00e0nh ph\u1ea7n c\u01a1 th\u1ec3 TANITA DC-430MA P (l\u01b0\u1ee1ng t\u1ea7n) - tanita store vn","isPartOf":{"@id":"https:\/\/tanitastore.vn\/#website"},"datePublished":"2022-10-06T16:50:44+00:00","dateModified":"2022-10-06T18:09:25+00:00","breadcrumb":{"@id":"https:\/\/tanitastore.vn\/index.php\/product\/may-phan-tich-thanh-phan-co-the-tanita-dc-430-ma-p-luong-tan\/#breadcrumb"},"inLanguage":"vi","potentialAction":[{"@type":"ReadAction","target":["https:\/\/tanitastore.vn\/index.php\/product\/may-phan-tich-thanh-phan-co-the-tanita-dc-430-ma-p-luong-tan\/"]}]},{"@type":"BreadcrumbList","@id":"https:\/\/tanitastore.vn\/index.php\/product\/may-phan-tich-thanh-phan-co-the-tanita-dc-430-ma-p-luong-tan\/#breadcrumb","itemListElement":[{"@type":"ListItem","position":1,"name":"Home","item":"https:\/\/tanitastore.vn\/"},{"@type":"ListItem","position":2,"name":"Shop","item":"https:\/\/tanitastore.vn\/index.php\/shop\/"},{"@type":"ListItem","position":3,"name":"M\u00e1y ph\u00e2n t\u00edch th\u00e0nh ph\u1ea7n c\u01a1 th\u1ec3 TANITA DC-430MA P (l\u01b0\u1ee1ng t\u1ea7n)"}]},{"@type":"WebSite","@id":"https:\/\/tanitastore.vn\/#website","url":"https:\/\/tanitastore.vn\/","name":"tanita store vn","description":"Nh\u00e0 ph\u00e2n ph\u1ed1i ch\u00ednh h\u00e3ng Tanita t\u1ea1i Vi\u1ec7t Nam","potentialAction":[{"@type":"SearchAction","target":{"@type":"EntryPoint","urlTemplate":"https:\/\/tanitastore.vn\/?s={search_term_string}"},"query-input":"required name=search_term_string"}],"inLanguage":"vi"}]}},"_links":{"self":[{"href":"https:\/\/tanitastore.vn\/index.php\/wp-json\/wp\/v2\/product\/1063","targetHints":{"allow":["GET"]}}],"collection":[{"href":"https:\/\/tanitastore.vn\/index.php\/wp-json\/wp\/v2\/product"}],"about":[{"href":"https:\/\/tanitastore.vn\/index.php\/wp-json\/wp\/v2\/types\/product"}],"replies":[{"embeddable":true,"href":"https:\/\/tanitastore.vn\/index.php\/wp-json\/wp\/v2\/comments?post=1063"}],"wp:featuredmedia":[{"embeddable":true,"href":"https:\/\/tanitastore.vn\/index.php\/wp-json\/wp\/v2\/media\/1065"}],"wp:attachment":[{"href":"https:\/\/tanitastore.vn\/index.php\/wp-json\/wp\/v2\/media?parent=1063"}],"wp:term":[{"taxonomy":"product_cat","embeddable":true,"href":"https:\/\/tanitastore.vn\/index.php\/wp-json\/wp\/v2\/product_cat?post=1063"},{"taxonomy":"product_tag","embeddable":true,"href":"https:\/\/tanitastore.vn\/index.php\/wp-json\/wp\/v2\/product_tag?post=1063"}],"curies":[{"name":"wp","href":"https:\/\/api.w.org\/{rel}","templated":true}]}}