{"id":1056,"date":"2022-10-06T15:07:38","date_gmt":"2022-10-06T15:07:38","guid":{"rendered":"https:\/\/tanitastore.vn\/?post_type=product&#038;p=1056"},"modified":"2022-10-06T18:06:21","modified_gmt":"2022-10-06T18:06:21","slug":"may-phan-tich-thanh-phan-co-the-tanita-mc-980ma-da-tan","status":"publish","type":"product","link":"https:\/\/tanitastore.vn\/index.php\/product\/may-phan-tich-thanh-phan-co-the-tanita-mc-980ma-da-tan\/","title":{"rendered":"M\u00e1y ph\u00e2n t\u00edch th\u00e0nh ph\u1ea7n c\u01a1 th\u1ec3 TANITA MC-980MA (\u0110a T\u1ea7n)"},"content":{"rendered":"<h3><span style=\"color: #ed1c24;\"><strong>CH\u1ee8NG NH\u1eacN Y T\u1ebe<\/strong><\/span><\/h3>\n<ul>\n<li>C\u1ea4P CH\u00cdNH X\u00c1C: FDA, MDD Class II-a, NAWI Class III<\/li>\n<\/ul>\n<h3><span style=\"color: #ed1c24;\"><strong>C\u00d4NG NGH\u1ec6 PH\u00c2N T\u00cdCH<\/strong><\/span><\/h3>\n<ul>\n<li>Ph\u00e2n t\u00edch t\u1eebng ph\u1ea7n c\u01a1 th\u1ec3 trong v\u00f2ng 30s v\u1edbi c\u00f4ng ngh\u1ec7 ph\u00e2n t\u00edch tr\u1edf kh\u00e1ng \u0111i\u1ec7n sinh h\u1ecdc\u00a0<span style=\"color: #ff0000;\">BIA \u0111a t\u1ea7n ti\u00ean ti\u1ebfn nh\u1ea5t<\/span>\u00a0\u0111\u00e3 \u0111\u01b0\u1ee3c ch\u1ee9ng minh l\u00e2m s\u00e0ng.<\/li>\n<li>D\u1ec5 d\u00e0ng s\u1eed d\u1ee5ng v\u1edbi m\u1ed9t m\u00e0n h\u00ecnh c\u1ea3m \u1ee9ng tr\u1ef1c quan, hi\u1ec3n th\u1ecb chi ti\u1ebft c\u00e1c d\u1eef li\u1ec7u ph\u00e2n t\u00edch th\u00e0nh ph\u1ea7n c\u01a1 th\u1ec3 BIA Tanita, t\u1ef1 \u0111\u1ed9ng l\u01b0u tr\u1eef d\u1eef v\u00e0 chuy\u1ec3n ti\u1ebfp \u0111\u1ebfn m\u00e1y t\u00ednh ho\u1eb7c m\u00e1y in.<\/li>\n<\/ul>\n<h3><span style=\"color: #ed1c24;\"><strong>K\u1ebeT QU\u1ea2 \u0110\u1ea6U RA<\/strong><\/span><\/h3>\n<ul>\n<li style=\"text-align: justify;\">Giao di\u1ec7n v\u00e0 phi\u1ebfu k\u1ebft qu\u1ea3 hi\u1ec3n th\u1ecb 14 lo\u1ea1i ng\u00f4n ng\u1eef, bao g\u1ed3m ti\u1ebfng Vi\u1ec7t.<\/li>\n<li style=\"text-align: justify;\">H\u1ec7 \u0111i\u1ec1u h\u00e0nh Windows\u00ae t\u00edch h\u1ee3p s\u1eb5n gi\u00fap t\u1ef1 \u0111\u1ed9ng l\u01b0u tr\u1eef, qu\u1ea3n l\u00fd v\u00e0 ph\u00e2n t\u00edch d\u1eef li\u1ec7u ng\u01b0\u1eddi d\u00f9ng.<\/li>\n<li style=\"text-align: justify;\">C\u1ed5ng k\u1ebft n\u1ed1i USB cho ph\u00e9p nh\u1eadp xu\u1ea5t d\u1eef li\u1ec7u v\u00e0 k\u1ebft n\u1ed1i v\u1edbi m\u00e1y in, m\u00e1y qu\u00e9t m\u00e3 v\u1ea1ch hay b\u1ea5t k\u1ef3 thi\u1ebft b\u1ecb ngo\u1ea1i vi n\u00e0o.<\/li>\n<li style=\"text-align: justify;\">Ph\u1ea7n m\u1ec1m Tanita PRO t\u01b0\u01a1ng th\u00edch gi\u00fap ph\u00e2n t\u00edch xu h\u01b0\u1edbng, c\u00e1c nguy c\u01a1 s\u1ee9c kh\u1ecfe v\u00e0 qu\u1ea3n l\u00fd d\u1eef li\u1ec7u to\u00e0n di\u1ec7n.<\/li>\n<li style=\"text-align: justify;\">B\u1ea3ng k\u1ebft qu\u1ea3 A4 \u0111\u00e1nh gi\u00e1 chi ti\u1ebft v\u00e0 chuy\u00ean nghi\u1ec7p. In tr\u1ef1c ti\u1ebfp t\u1eeb b\u1ea5t k\u1ef3 m\u00e1y in n\u00e0o.<\/li>\n<\/ul>\n<h3><span style=\"color: #ed1c24;\"><strong>\u1ee8NG D\u1ee4NG L\u00c2M S\u00c0NG<\/strong><\/span><\/h3>\n<table>\n<tbody>\n<tr>\n<td><strong>Ung th\u01b0\u00a0\u00a0\u2713<\/strong><\/td>\n<td><strong>Ti\u1ec3u \u0111\u01b0\u1eddng\u00a0\u00a0\u2713<\/strong><\/td>\n<td><strong>U x\u01a1 nang\u00a0\u00a0\u2713<\/strong><\/td>\n<\/tr>\n<tr>\n<td><strong>Ki\u1ec3m so\u00e1t c\u00e2n n\u1eb7ng\u00a0\u00a0\u2713\u00a0\u00a0<\/strong><\/td>\n<td><strong>Ch\u1ee9c n\u0103ng th\u1eadn\u00a0\u00a0\u2713<\/strong><\/td>\n<td><strong>T\u1eafc ngh\u1ebdn ph\u1ed5i m\u00e3n t\u00ednh COPD\u00a0\u00a0\u2713<\/strong><\/td>\n<\/tr>\n<tr>\n<td><strong>B\u1ec7nh ngh\u1ec1 nghi\u1ec7p\u00a0\u00a0\u2713<\/strong><\/td>\n<td><strong>Ph\u1eabu thu\u1eadt gi\u1ea3m b\u00e9o\u00a0\u00a0\u2713\u00a0\u00a0<\/strong><\/td>\n<td><strong>Ch\u1eefa tr\u1ecb \u0111a khoa\u00a0\u00a0\u2713<\/strong><\/td>\n<\/tr>\n<tr>\n<td><strong>Y d\u01b0\u1ee3c\u00a0\u00a0\u2713<\/strong><\/td>\n<td><strong>Khoa nhi\u00a0\u00a0\u2713<\/strong><\/td>\n<td><strong>L\u00e3o khoa t\u00edch c\u1ef1c\u00a0\u00a0\u2713<\/strong><\/td>\n<\/tr>\n<tr>\n<td><strong>V\u1eadt l\u00fd tr\u1ecb li\u1ec7u\u00a0\u00a0\u2713<\/strong><\/td>\n<td><strong>Khoa h\u1ecdc th\u1ec3 thao\u00a0\u00a0\u2713<\/strong><\/td>\n<\/tr>\n<\/tbody>\n<\/table>\n<h3><strong>TH\u00d4NG S\u1ed0 K\u1ef8 THU\u1eacT<\/strong><\/h3>\n[\/col]\n[\/row]\n<div class=\"row row-collapse align-middle align-center\"  id=\"row-1230632448\">\n\n\t<div id=\"col-22961314\" class=\"col medium-6 small-12 large-6\"  >\n\t\t\t\t<div class=\"col-inner\"  >\n\t\t\t\n\t\t\t\n<table>\n<tbody>\n<tr>\n<td>C\u1ea5p ch\u00ednh x\u00e1c<\/td>\n<td>MDD Class II-a, NAWI Class III<\/td>\n<\/tr>\n<tr>\n<td>C\u1ea5p ph\u00e9p Y t\u1ebf<\/td>\n<td><strong>FDA, MDD s\u1eed d\u1ee5ng trong y t\u1ebf<\/strong><\/td>\n<\/tr>\n<tr>\n<td>T\u1ea7n s\u1ed1 BIA<\/td>\n<td>1kHz, 5kHz, 50kHz, 250kHz, 500kHz, 1Mhz<\/td>\n<\/tr>\n<tr>\n<td>Tu\u1ed5i ng\u01b0\u1eddi d\u00f9ng<\/td>\n<td>5 &#8211; 99<\/td>\n<\/tr>\n<tr>\n<td>Tr\u1ecdng t\u1ea3i<\/td>\n<td>270 kg<\/td>\n<\/tr>\n<tr>\n<td>\u0110\u1ed9 chia<\/td>\n<td>100g<\/td>\n<\/tr>\n<tr>\n<td>K\u00edch th\u01b0\u1edbc s\u1ea3n ph\u1ea9m<\/td>\n<td>50 x 490 x 1240 mm<\/td>\n<\/tr>\n<tr>\n<td>Tr\u1ecdng l\u01b0\u1ee3ng<\/td>\n<td>33kg<\/td>\n<\/tr>\n<tr>\n<td>Ngu\u1ed3n \u0111i\u1ec7n<\/td>\n<td>AC 100 &#8211; 240 V<\/td>\n<\/tr>\n<tr>\n<td>Giao di\u1ec7n k\u1ebft n\u1ed1i<\/td>\n<td>3 x USB<\/td>\n<\/tr>\n<\/tbody>\n<\/table>\n\t\t<\/div>\n\t\t\t\t\t<\/div>\n\n\t\n<\/div>\n","protected":false},"excerpt":{"rendered":"<p style=\"text-align: justify;\">M\u00e1y ph\u00e2n t\u00edch t\u1eebng ph\u1ea7n c\u01a1 th\u1ec3 BIA \u0111a t\u1ea7n v\u1edbi m\u00e0n h\u00ecnh c\u1ea3m \u1ee9ng v\u00e0 h\u1ec7 \u0111i\u1ec1u h\u00e0nh Windows\u00ae t\u00edch h\u1ee3p<\/p>\n<p style=\"text-align: justify;\">TANITA MC-980 MA l\u00e0 thi\u1ebft b\u1ecb ti\u00ean ti\u1ebfn nh\u1ea5t gi\u00fap cung c\u1ea5p nhanh ch\u00f3ng c\u00e1c th\u00f4ng tin chuy\u00ean s\u00e2u cho t\u01b0 v\u1ea5n y t\u1ebf, khi\u1ec3m so\u00e1t s\u1ee9c kh\u1ecfe v\u00e0 c\u00e2n n\u1eb7ng chuy\u00ean nghi\u1ec7p. V\u1edbi s\u1ef1 k\u1ebft h\u1ee3p c\u1ee7a c\u00f4ng ngh\u1ec7 ph\u00e2n t\u00edch BIA \u0111a t\u1ea7n (6 t\u1ea7n s\u1ed1) c\u00f9ng h\u1ec7 \u0111i\u1ec1u h\u00e0nh Windows\u00ae, MC-980 MA cung c\u1ea5p c\u00e1c th\u00f4ng tin nhanh, thu\u1eadn ti\u1ec7n v\u00e0 ch\u00ednh x\u00e1c \u1edf c\u1ea5p \u0111\u1ed9 Y t\u1ebf (FDA, MDD, NAWI) ch\u1ec9 trong v\u00f2ng 30s, hi\u1ec3n th\u1ecb r\u00f5 r\u00e0ng, d\u1ec5 \u0111\u1ecdc tr\u00ean m\u00e0n h\u00ecnh c\u1ea3m \u1ee9ng.<\/p>\n","protected":false},"featured_media":1058,"comment_status":"open","ping_status":"closed","template":"","meta":[],"product_cat":[26],"product_tag":[],"class_list":["post-1056","product","type-product","status-publish","has-post-thumbnail","hentry","product_cat-can-chuyen-dung"],"yoast_head":"<!-- This site is optimized with the Yoast SEO plugin v19.5.1 - https:\/\/yoast.com\/wordpress\/plugins\/seo\/ -->\n<title>M\u00e1y ph\u00e2n t\u00edch th\u00e0nh ph\u1ea7n c\u01a1 th\u1ec3 TANITA MC-980MA (\u0110a T\u1ea7n) - tanita store vn<\/title>\n<meta name=\"robots\" content=\"index, follow, max-snippet:-1, max-image-preview:large, max-video-preview:-1\" \/>\n<link rel=\"canonical\" href=\"https:\/\/tanitastore.vn\/index.php\/product\/may-phan-tich-thanh-phan-co-the-tanita-mc-980ma-da-tan\/\" \/>\n<meta property=\"og:locale\" content=\"vi_VN\" \/>\n<meta property=\"og:type\" content=\"article\" \/>\n<meta property=\"og:title\" content=\"M\u00e1y ph\u00e2n t\u00edch th\u00e0nh ph\u1ea7n c\u01a1 th\u1ec3 TANITA MC-980MA (\u0110a T\u1ea7n) - tanita store vn\" \/>\n<meta property=\"og:description\" content=\"M\u00e1y ph\u00e2n t\u00edch t\u1eebng ph\u1ea7n c\u01a1 th\u1ec3 BIA \u0111a t\u1ea7n v\u1edbi m\u00e0n h\u00ecnh c\u1ea3m \u1ee9ng v\u00e0 h\u1ec7 \u0111i\u1ec1u h\u00e0nh Windows\u00ae t\u00edch h\u1ee3p TANITA MC-980 MA l\u00e0 thi\u1ebft b\u1ecb ti\u00ean ti\u1ebfn nh\u1ea5t gi\u00fap cung c\u1ea5p nhanh ch\u00f3ng c\u00e1c th\u00f4ng tin chuy\u00ean s\u00e2u cho t\u01b0 v\u1ea5n y t\u1ebf, khi\u1ec3m so\u00e1t s\u1ee9c kh\u1ecfe v\u00e0 c\u00e2n n\u1eb7ng chuy\u00ean nghi\u1ec7p. V\u1edbi s\u1ef1 k\u1ebft h\u1ee3p c\u1ee7a c\u00f4ng ngh\u1ec7 ph\u00e2n t\u00edch BIA \u0111a t\u1ea7n (6 t\u1ea7n s\u1ed1) c\u00f9ng h\u1ec7 \u0111i\u1ec1u h\u00e0nh Windows\u00ae, MC-980 MA cung c\u1ea5p c\u00e1c th\u00f4ng tin nhanh, thu\u1eadn ti\u1ec7n v\u00e0 ch\u00ednh x\u00e1c \u1edf c\u1ea5p \u0111\u1ed9 Y t\u1ebf (FDA, MDD, NAWI) ch\u1ec9 trong v\u00f2ng 30s, hi\u1ec3n th\u1ecb r\u00f5 r\u00e0ng, d\u1ec5 \u0111\u1ecdc tr\u00ean m\u00e0n h\u00ecnh c\u1ea3m \u1ee9ng.\" \/>\n<meta property=\"og:url\" content=\"https:\/\/tanitastore.vn\/index.php\/product\/may-phan-tich-thanh-phan-co-the-tanita-mc-980ma-da-tan\/\" \/>\n<meta property=\"og:site_name\" content=\"tanita store vn\" \/>\n<meta property=\"article:modified_time\" content=\"2022-10-06T18:06:21+00:00\" \/>\n<meta property=\"og:image\" content=\"https:\/\/tanitastore.vn\/wp-content\/uploads\/2022\/10\/146_980mmc_1_1.jpg\" \/>\n\t<meta property=\"og:image:width\" content=\"700\" \/>\n\t<meta property=\"og:image:height\" content=\"700\" \/>\n\t<meta property=\"og:image:type\" content=\"image\/jpeg\" \/>\n<meta name=\"twitter:card\" content=\"summary_large_image\" \/>\n<meta name=\"twitter:label1\" content=\"\u01af\u1edbc t\u00ednh th\u1eddi gian \u0111\u1ecdc\" \/>\n\t<meta name=\"twitter:data1\" content=\"2 ph\u00fat\" \/>\n<script type=\"application\/ld+json\" class=\"yoast-schema-graph\">{\"@context\":\"https:\/\/schema.org\",\"@graph\":[{\"@type\":\"WebPage\",\"@id\":\"https:\/\/tanitastore.vn\/index.php\/product\/may-phan-tich-thanh-phan-co-the-tanita-mc-980ma-da-tan\/\",\"url\":\"https:\/\/tanitastore.vn\/index.php\/product\/may-phan-tich-thanh-phan-co-the-tanita-mc-980ma-da-tan\/\",\"name\":\"M\u00e1y ph\u00e2n t\u00edch th\u00e0nh ph\u1ea7n c\u01a1 th\u1ec3 TANITA MC-980MA (\u0110a T\u1ea7n) - tanita store vn\",\"isPartOf\":{\"@id\":\"https:\/\/tanitastore.vn\/#website\"},\"datePublished\":\"2022-10-06T15:07:38+00:00\",\"dateModified\":\"2022-10-06T18:06:21+00:00\",\"breadcrumb\":{\"@id\":\"https:\/\/tanitastore.vn\/index.php\/product\/may-phan-tich-thanh-phan-co-the-tanita-mc-980ma-da-tan\/#breadcrumb\"},\"inLanguage\":\"vi\",\"potentialAction\":[{\"@type\":\"ReadAction\",\"target\":[\"https:\/\/tanitastore.vn\/index.php\/product\/may-phan-tich-thanh-phan-co-the-tanita-mc-980ma-da-tan\/\"]}]},{\"@type\":\"BreadcrumbList\",\"@id\":\"https:\/\/tanitastore.vn\/index.php\/product\/may-phan-tich-thanh-phan-co-the-tanita-mc-980ma-da-tan\/#breadcrumb\",\"itemListElement\":[{\"@type\":\"ListItem\",\"position\":1,\"name\":\"Home\",\"item\":\"https:\/\/tanitastore.vn\/\"},{\"@type\":\"ListItem\",\"position\":2,\"name\":\"Shop\",\"item\":\"https:\/\/tanitastore.vn\/index.php\/shop\/\"},{\"@type\":\"ListItem\",\"position\":3,\"name\":\"M\u00e1y ph\u00e2n t\u00edch th\u00e0nh ph\u1ea7n c\u01a1 th\u1ec3 TANITA MC-980MA (\u0110a T\u1ea7n)\"}]},{\"@type\":\"WebSite\",\"@id\":\"https:\/\/tanitastore.vn\/#website\",\"url\":\"https:\/\/tanitastore.vn\/\",\"name\":\"tanita store vn\",\"description\":\"Nh\u00e0 ph\u00e2n ph\u1ed1i ch\u00ednh h\u00e3ng Tanita t\u1ea1i Vi\u1ec7t Nam\",\"potentialAction\":[{\"@type\":\"SearchAction\",\"target\":{\"@type\":\"EntryPoint\",\"urlTemplate\":\"https:\/\/tanitastore.vn\/?s={search_term_string}\"},\"query-input\":\"required name=search_term_string\"}],\"inLanguage\":\"vi\"}]}<\/script>\n<!-- \/ Yoast SEO plugin. -->","yoast_head_json":{"title":"M\u00e1y ph\u00e2n t\u00edch th\u00e0nh ph\u1ea7n c\u01a1 th\u1ec3 TANITA MC-980MA (\u0110a T\u1ea7n) - tanita store vn","robots":{"index":"index","follow":"follow","max-snippet":"max-snippet:-1","max-image-preview":"max-image-preview:large","max-video-preview":"max-video-preview:-1"},"canonical":"https:\/\/tanitastore.vn\/index.php\/product\/may-phan-tich-thanh-phan-co-the-tanita-mc-980ma-da-tan\/","og_locale":"vi_VN","og_type":"article","og_title":"M\u00e1y ph\u00e2n t\u00edch th\u00e0nh ph\u1ea7n c\u01a1 th\u1ec3 TANITA MC-980MA (\u0110a T\u1ea7n) - tanita store vn","og_description":"M\u00e1y ph\u00e2n t\u00edch t\u1eebng ph\u1ea7n c\u01a1 th\u1ec3 BIA \u0111a t\u1ea7n v\u1edbi m\u00e0n h\u00ecnh c\u1ea3m \u1ee9ng v\u00e0 h\u1ec7 \u0111i\u1ec1u h\u00e0nh Windows\u00ae t\u00edch h\u1ee3p TANITA MC-980 MA l\u00e0 thi\u1ebft b\u1ecb ti\u00ean ti\u1ebfn nh\u1ea5t gi\u00fap cung c\u1ea5p nhanh ch\u00f3ng c\u00e1c th\u00f4ng tin chuy\u00ean s\u00e2u cho t\u01b0 v\u1ea5n y t\u1ebf, khi\u1ec3m so\u00e1t s\u1ee9c kh\u1ecfe v\u00e0 c\u00e2n n\u1eb7ng chuy\u00ean nghi\u1ec7p. V\u1edbi s\u1ef1 k\u1ebft h\u1ee3p c\u1ee7a c\u00f4ng ngh\u1ec7 ph\u00e2n t\u00edch BIA \u0111a t\u1ea7n (6 t\u1ea7n s\u1ed1) c\u00f9ng h\u1ec7 \u0111i\u1ec1u h\u00e0nh Windows\u00ae, MC-980 MA cung c\u1ea5p c\u00e1c th\u00f4ng tin nhanh, thu\u1eadn ti\u1ec7n v\u00e0 ch\u00ednh x\u00e1c \u1edf c\u1ea5p \u0111\u1ed9 Y t\u1ebf (FDA, MDD, NAWI) ch\u1ec9 trong v\u00f2ng 30s, hi\u1ec3n th\u1ecb r\u00f5 r\u00e0ng, d\u1ec5 \u0111\u1ecdc tr\u00ean m\u00e0n h\u00ecnh c\u1ea3m \u1ee9ng.","og_url":"https:\/\/tanitastore.vn\/index.php\/product\/may-phan-tich-thanh-phan-co-the-tanita-mc-980ma-da-tan\/","og_site_name":"tanita store vn","article_modified_time":"2022-10-06T18:06:21+00:00","og_image":[{"width":700,"height":700,"url":"https:\/\/tanitastore.vn\/wp-content\/uploads\/2022\/10\/146_980mmc_1_1.jpg","type":"image\/jpeg"}],"twitter_card":"summary_large_image","twitter_misc":{"\u01af\u1edbc t\u00ednh th\u1eddi gian \u0111\u1ecdc":"2 ph\u00fat"},"schema":{"@context":"https:\/\/schema.org","@graph":[{"@type":"WebPage","@id":"https:\/\/tanitastore.vn\/index.php\/product\/may-phan-tich-thanh-phan-co-the-tanita-mc-980ma-da-tan\/","url":"https:\/\/tanitastore.vn\/index.php\/product\/may-phan-tich-thanh-phan-co-the-tanita-mc-980ma-da-tan\/","name":"M\u00e1y ph\u00e2n t\u00edch th\u00e0nh ph\u1ea7n c\u01a1 th\u1ec3 TANITA MC-980MA (\u0110a T\u1ea7n) - tanita store vn","isPartOf":{"@id":"https:\/\/tanitastore.vn\/#website"},"datePublished":"2022-10-06T15:07:38+00:00","dateModified":"2022-10-06T18:06:21+00:00","breadcrumb":{"@id":"https:\/\/tanitastore.vn\/index.php\/product\/may-phan-tich-thanh-phan-co-the-tanita-mc-980ma-da-tan\/#breadcrumb"},"inLanguage":"vi","potentialAction":[{"@type":"ReadAction","target":["https:\/\/tanitastore.vn\/index.php\/product\/may-phan-tich-thanh-phan-co-the-tanita-mc-980ma-da-tan\/"]}]},{"@type":"BreadcrumbList","@id":"https:\/\/tanitastore.vn\/index.php\/product\/may-phan-tich-thanh-phan-co-the-tanita-mc-980ma-da-tan\/#breadcrumb","itemListElement":[{"@type":"ListItem","position":1,"name":"Home","item":"https:\/\/tanitastore.vn\/"},{"@type":"ListItem","position":2,"name":"Shop","item":"https:\/\/tanitastore.vn\/index.php\/shop\/"},{"@type":"ListItem","position":3,"name":"M\u00e1y ph\u00e2n t\u00edch th\u00e0nh ph\u1ea7n c\u01a1 th\u1ec3 TANITA MC-980MA (\u0110a T\u1ea7n)"}]},{"@type":"WebSite","@id":"https:\/\/tanitastore.vn\/#website","url":"https:\/\/tanitastore.vn\/","name":"tanita store vn","description":"Nh\u00e0 ph\u00e2n ph\u1ed1i ch\u00ednh h\u00e3ng Tanita t\u1ea1i Vi\u1ec7t Nam","potentialAction":[{"@type":"SearchAction","target":{"@type":"EntryPoint","urlTemplate":"https:\/\/tanitastore.vn\/?s={search_term_string}"},"query-input":"required name=search_term_string"}],"inLanguage":"vi"}]}},"_links":{"self":[{"href":"https:\/\/tanitastore.vn\/index.php\/wp-json\/wp\/v2\/product\/1056","targetHints":{"allow":["GET"]}}],"collection":[{"href":"https:\/\/tanitastore.vn\/index.php\/wp-json\/wp\/v2\/product"}],"about":[{"href":"https:\/\/tanitastore.vn\/index.php\/wp-json\/wp\/v2\/types\/product"}],"replies":[{"embeddable":true,"href":"https:\/\/tanitastore.vn\/index.php\/wp-json\/wp\/v2\/comments?post=1056"}],"wp:featuredmedia":[{"embeddable":true,"href":"https:\/\/tanitastore.vn\/index.php\/wp-json\/wp\/v2\/media\/1058"}],"wp:attachment":[{"href":"https:\/\/tanitastore.vn\/index.php\/wp-json\/wp\/v2\/media?parent=1056"}],"wp:term":[{"taxonomy":"product_cat","embeddable":true,"href":"https:\/\/tanitastore.vn\/index.php\/wp-json\/wp\/v2\/product_cat?post=1056"},{"taxonomy":"product_tag","embeddable":true,"href":"https:\/\/tanitastore.vn\/index.php\/wp-json\/wp\/v2\/product_tag?post=1056"}],"curies":[{"name":"wp","href":"https:\/\/api.w.org\/{rel}","templated":true}]}}